{"id":158,"date":"2016-06-20T17:23:31","date_gmt":"2016-06-20T17:23:31","guid":{"rendered":"http:\/\/dronimage360.com\/?page_id=158"},"modified":"2017-01-16T10:58:23","modified_gmt":"2017-01-16T09:58:23","slug":"tarifas-y-precios","status":"publish","type":"page","link":"https:\/\/dronimage360.com\/?page_id=158","title":{"rendered":"TARIFAS Y PRECIOS"},"content":{"rendered":"<p>Esta tarifa de precios es para filmaciones de un solo proyecto, si se contrata m\u00e1s de un servicio los precios var\u00edan a la baja, pudiendo aplicarse descuentos desde el 10% al 30%, en funci\u00f3n de los proyectos a realizar, para m\u00e1s informaci\u00f3n puede contactar con nosotros en el \u00a0Tel\u00e9fono \u00a0676.129.888 \u00a0o\u00a0rellenado el formulario.<\/p>\n<p>TARIFA DE PRECIOS OFICIAL \u00a0 \u00a0 \u00a0 \u00a0 \u00a0 \u00a0 \u00a0 \u00a0 \u00a0 \u00a0 \u00a0 \u00a0 \u00a0 \u00a0 \u00a0 \u00a0 \u00a0 \u00a0 \u00a0 \u00a0 \u00a0 \u00a0 \u00a0 \u00a0 \u00a0 \u00a0 \u00a0 \u00a0 \u00a0 \u00a0 \u00a0 \u00a0 \u00a0 \u00a0 \u00a0 \u00a0 \u00a0 \u00a0 \u00a0 \u00a0 \u00a0 \u00a0 \u00a0 \u00a0 \u00a0 \u00a0 \u00a0 \u00a0 \u00a0 \u00a0 \u00a0 \u00a0 \u00a0 \u00a0 \u00a0 \u00a0 \u00a0 \u00a0 \u00a0 \u00a0 \u00a0 \u00a0 \u00a0 \u00a0 \u00a0 \u00a0 \u00a0 \u00a0 \u00a0 \u00a0 \u00a0 \u00a0 \u00a0 \u00a0 \u00a0 \u00a0 \u00a0 \u00a0 \u00a0 \u00a0OFERTA<\/p>\n<p>FILMACI\u00d3N CON\u00a0DRON (master 10 mtos) &#8230;&#8230;&#8230;&#8230;&#8230;&#8230;&#8230;&#8230;&#8230;&#8230;&#8230;&#8230;&#8230;&#8230;&#8230;&#8230;&#8230;&#8230;&#8230;&#8230;&#8230; 181,5 <em>\u20ac \u00a0 \u00a0 \u00a0 \u00a0 \u00a0 \u00a0 \u00a0 \u00a0 \u00a0 &#8211;\u00a0 \u20ac<\/em><\/p>\n<p>V\u00cdDEO A\u00c9REO DRON + EDICI\u00d3N (master )+(2-3 mtos) &#8230;&#8230;&#8230;&#8230;&#8230;&#8230;&#8230;&#8230;&#8230;&#8230;&#8230;&#8230;&#8230;&#8230;&#8230;&#8230; 242 \u00a0<em>\u20ac \u00a0 \u00a0 \u00a0 \u00a0 \u00a0 \u00a0 \u00a0 \u00a0 \u00a0 \u00a0 &#8211;\u00a0 \u20ac<\/em><\/p>\n<p>VIDEO A\u00c9REO DRON + INTERIORES + EDICI\u00d3N (master) + (2-3 mtos) &#8230;&#8230;&#8230;&#8230;&#8230;&#8230;&#8230;&#8230;&#8230; 363 \u00a0<em>\u20ac \u00a0 \u00a0 \u00a0 \u00a0 \u00a0 \u00a0 \u00a0 \u00a0 \u00a0 \u00a0&#8211; \u00a0\u20ac<\/em><\/p>\n<p>FILMACI\u00d3N DE INTERIOR + EXTERIORES + EDICI\u00d3N (master) + (2-3 mtos) &#8230;&#8230;&#8230;&#8230;&#8230;&#8230;.. \u00a0363 \u00a0<em>\u20ac \u00a0 \u00a0 \u00a0 \u00a0 \u00a0 \u00a0 \u00a0 \u00a0 \u00a0 \u00a0&#8211; \u00a0\u20ac<\/em><\/p>\n<p>FILMACI\u00d3N DE INTERIORES + EDICI\u00d3N (master) + (2-3 mtos) &#8230;&#8230;&#8230;&#8230;&#8230;&#8230;&#8230;&#8230;&#8230;&#8230;&#8230;&#8230; \u00a0181,5 <em>\u20ac \u00a0 \u00a0 \u00a0 \u00a0 \u00a0 \u00a0 \u00a0 \u00a0 \u00a0&#8211; \u00a0\u20ac<\/em><\/p>\n<p>FILMACI\u00d3N DE EXTERIORES + EDICI\u00d3N (master) + (2-3 mtos) &#8230;&#8230;&#8230;&#8230;&#8230;&#8230;&#8230;&#8230;&#8230;&#8230;&#8230;&#8230; \u00a0205,7 <em>\u20ac \u00a0 \u00a0 \u00a0 \u00a0 \u00a0 \u00a0 \u00a0 \u00a0 &#8211;\u00a0 \u20ac<\/em><\/p>\n<p>&nbsp;<\/p>\n<p>No existe\u00a0oferta Web en estos momentos.<\/p>\n<p>&nbsp;<\/p>\n","protected":false},"excerpt":{"rendered":"<p>Esta tarifa de precios es para filmaciones de un solo proyecto, si se contrata m\u00e1s de un servicio los precios var\u00edan a la baja, pudiendo aplicarse descuentos desde el 10% al 30%, en funci\u00f3n de los proyectos a realizar, para m\u00e1s informaci\u00f3n puede contactar con nosotros en el \u00a0Tel\u00e9fono \u00a0676.129.888 \u00a0o\u00a0rellenado el formulario. TARIFA DE <a href=\"https:\/\/dronimage360.com\/?page_id=158\" rel=\"nofollow\"><span class=\"sr-only\">Leer m\u00e1sTARIFAS Y PRECIOS<\/span>[&hellip;]<\/a><\/p>\n","protected":false},"author":1,"featured_media":0,"parent":0,"menu_order":0,"comment_status":"closed","ping_status":"closed","template":"","meta":{"footnotes":""},"class_list":["post-158","page","type-page","status-publish","hentry"],"_links":{"self":[{"href":"https:\/\/dronimage360.com\/index.php?rest_route=\/wp\/v2\/pages\/158","targetHints":{"allow":["GET"]}}],"collection":[{"href":"https:\/\/dronimage360.com\/index.php?rest_route=\/wp\/v2\/pages"}],"about":[{"href":"https:\/\/dronimage360.com\/index.php?rest_route=\/wp\/v2\/types\/page"}],"author":[{"embeddable":true,"href":"https:\/\/dronimage360.com\/index.php?rest_route=\/wp\/v2\/users\/1"}],"replies":[{"embeddable":true,"href":"https:\/\/dronimage360.com\/index.php?rest_route=%2Fwp%2Fv2%2Fcomments&post=158"}],"version-history":[{"count":29,"href":"https:\/\/dronimage360.com\/index.php?rest_route=\/wp\/v2\/pages\/158\/revisions"}],"predecessor-version":[{"id":313,"href":"https:\/\/dronimage360.com\/index.php?rest_route=\/wp\/v2\/pages\/158\/revisions\/313"}],"wp:attachment":[{"href":"https:\/\/dronimage360.com\/index.php?rest_route=%2Fwp%2Fv2%2Fmedia&parent=158"}],"curies":[{"name":"wp","href":"https:\/\/api.w.org\/{rel}","templated":true}]}}